{"id":99868,"date":"2026-01-15T12:31:50","date_gmt":"2026-01-15T11:31:50","guid":{"rendered":"https:\/\/truusk.store\/product\/utomhusmatta-robust-vaderbestandig-utomhusmatta-matta-med-boho-stil-utomhusmatta-for-vardagsrum-balkong\/"},"modified":"2026-03-12T08:42:52","modified_gmt":"2026-03-12T07:42:52","slug":"truusk-utomhusmatta-robust-och-vaderbestandig-med-boho-stil-for-vardagsrum-och-balkong","status":"publish","type":"product","link":"https:\/\/truusk.store\/sv\/produkt\/truusk-utomhusmatta-robust-och-vaderbestandig-med-boho-stil-for-vardagsrum-och-balkong\/","title":{"rendered":"TRUUSK Utomhusmatta &#8211; Robust och V\u00e4derbest\u00e4ndig &#8211; Med Boho-stil &#8211; F\u00f6r Vardagsrum och Balkong"},"content":{"rendered":"<p>Med [BRAND NAME] p\u00e5 den v\u00e4derbest\u00e4ndiga utomhusmattan. Denna verandamatta har utvecklats f\u00f6r att st\u00f6ta bort smuts. Balkongmattan \u00e4r l\u00e4mplig f\u00f6r utomhusbruk och l\u00e4tt att reng\u00f6ra: sopa, spruta, torka eller skaka ut; de robusta polypropenfibrerna f\u00f6rblir torra och absorberar inte fukt. Idealisk f\u00f6r anv\u00e4ndning i husbilen, RV eller bilen; perfekt f\u00f6r camping, strandutflykter, picknick p\u00e5 terrassen eller andra utomhusaktiviteter. F\u00e4rgen p\u00e5 balkongmattan \u00e4r omv\u00e4ndbar, s\u00e5 du kan enkelt v\u00e4nda den f\u00f6r en fr\u00e4sch look. Designa utomhusomr\u00e5den stilfullt med [BRAND NAME].<\/p>\n<p>Beskrivning:<\/p>\n<ul>\n<li> Kan anv\u00e4ndas p\u00e5 b\u00e5da sidor f\u00f6r m\u00e5ngsidig anv\u00e4ndning<\/li>\n<li> Mattan f\u00f6r utomhusbruk \u00e4r tillverkad av polypropen, med ett skyddande bel\u00e4ggning f\u00f6r att f\u00f6rhindra blekning och solskador<\/li>\n<li> Med robusta kanter f\u00f6r att f\u00f6rhindra fransning<\/li>\n<li> Utomhusmattan har en platsbesparande vikbar design f\u00f6r enkel f\u00f6rvaring och transport<\/li>\n<li> B\u00e4rp\u00e5se ing\u00e5r<\/li>\n<li> M\u00e5ngsidig anv\u00e4ndning f\u00f6r camping, picknick, husbilsresor och mer<\/li>\n<\/ul>\n<p> Tekniska specifikationer:<\/p>\n<ul>\n<li> F\u00e4rg: M\u00f6rkgr\u00e5+Vit<\/li>\n<li> Stil: Geometrisk v\u00e4gg<\/li>\n<li> Material: 310g\/m\u00b2 Polypropen, non-woven, plast<\/li>\n<li> M\u00e5tt: 182L x 274B cm<\/li>\n<li> M\u00e5tt p\u00e5 b\u00e4rp\u00e5se: 39L x 37,5B x 15H cm<\/li>\n<li> Obs: Ej brands\u00e4ker, h\u00e5ll borta fr\u00e5n eld<\/li>\n<\/ul>\n<p>Leveransinneh\u00e5ll:<\/p>\n<ul>\n<li> 1 x Utomhusmatta<\/li>\n<li> 1 x B\u00e4rp\u00e5se<\/li>\n<\/ul>\n","protected":false},"excerpt":{"rendered":"<p>Med [BRAND NAME] p\u00e5 den v\u00e4derbest\u00e4ndiga utomhusmattan. Denna verandamatta har utvecklats f\u00f6r att st\u00f6ta bort smuts. Balkongmattan \u00e4r l\u00e4mplig f\u00f6r&#8230;<\/p>\n","protected":false},"featured_media":99853,"template":"","meta":[],"product_brand":[],"product_cat":[871,566,467],"product_tag":[],"class_list":{"0":"post-99868","1":"product","2":"type-product","3":"status-publish","4":"has-post-thumbnail","6":"product_cat-hus-hem","7":"product_cat-mattor","8":"product_cat-utomhusmattor","10":"first","11":"instock","12":"sale","13":"taxable","14":"shipping-taxable","15":"purchasable","16":"product-type-simple"},"yoast_head":"<!-- This site is optimized with the Yoast SEO plugin v25.4 - https:\/\/yoast.com\/wordpress\/plugins\/seo\/ -->\n<title>TRUUSK Utomhusmatta - Robust och V\u00e4derbest\u00e4ndig - Med Boho-stil - F\u00f6r Vardagsrum och Balkong - TRUUSK - Hem, Tr\u00e4dg\u00e5rd &amp; Fritid<\/title>\n<meta name=\"robots\" content=\"index, follow, max-snippet:-1, max-image-preview:large, max-video-preview:-1\" \/>\n<link rel=\"canonical\" href=\"https:\/\/truusk.store\/sv\/produkt\/truusk-utomhusmatta-robust-och-vaderbestandig-med-boho-stil-for-vardagsrum-och-balkong\/\" \/>\n<meta property=\"og:locale\" content=\"sv_SE\" \/>\n<meta property=\"og:type\" content=\"article\" \/>\n<meta property=\"og:title\" content=\"TRUUSK Utomhusmatta - Robust och V\u00e4derbest\u00e4ndig - Med Boho-stil - F\u00f6r Vardagsrum och Balkong - TRUUSK - Hem, Tr\u00e4dg\u00e5rd &amp; Fritid\" \/>\n<meta property=\"og:description\" content=\"Med [BRAND NAME] p\u00e5 den v\u00e4derbest\u00e4ndiga utomhusmattan. Denna verandamatta har utvecklats f\u00f6r att st\u00f6ta bort smuts. Balkongmattan \u00e4r l\u00e4mplig f\u00f6r...\" \/>\n<meta property=\"og:url\" content=\"https:\/\/truusk.store\/sv\/produkt\/truusk-utomhusmatta-robust-och-vaderbestandig-med-boho-stil-for-vardagsrum-och-balkong\/\" \/>\n<meta property=\"og:site_name\" content=\"TRUUSK - Hem, Tr\u00e4dg\u00e5rd &amp; Fritid\" \/>\n<meta property=\"article:modified_time\" content=\"2026-03-12T07:42:52+00:00\" \/>\n<meta property=\"og:image\" content=\"https:\/\/i0.wp.com\/truusk.se\/wp-content\/uploads\/2026\/01\/utomhusmatta-robust-vaderbestandig-utomhusmatta-matta-med-boho-stil-utomhusmatta-for-vardagsrum-balkong-1-1.webp?fit=2000%2C2000&ssl=1\" \/>\n\t<meta property=\"og:image:width\" content=\"2000\" \/>\n\t<meta property=\"og:image:height\" content=\"2000\" \/>\n\t<meta property=\"og:image:type\" content=\"image\/webp\" \/>\n<meta name=\"twitter:card\" content=\"summary_large_image\" \/>\n<meta name=\"twitter:label1\" content=\"Ber\u00e4knad l\u00e4stid\" \/>\n\t<meta name=\"twitter:data1\" content=\"1 minut\" \/>\n<!-- \/ Yoast SEO plugin. -->","yoast_head_json":{"title":"TRUUSK Utomhusmatta - Robust och V\u00e4derbest\u00e4ndig - Med Boho-stil - F\u00f6r Vardagsrum och Balkong - TRUUSK - Hem, Tr\u00e4dg\u00e5rd &amp; Fritid","robots":{"index":"index","follow":"follow","max-snippet":"max-snippet:-1","max-image-preview":"max-image-preview:large","max-video-preview":"max-video-preview:-1"},"canonical":"https:\/\/truusk.store\/sv\/produkt\/truusk-utomhusmatta-robust-och-vaderbestandig-med-boho-stil-for-vardagsrum-och-balkong\/","og_locale":"sv_SE","og_type":"article","og_title":"TRUUSK Utomhusmatta - Robust och V\u00e4derbest\u00e4ndig - Med Boho-stil - F\u00f6r Vardagsrum och Balkong - TRUUSK - Hem, Tr\u00e4dg\u00e5rd &amp; Fritid","og_description":"Med [BRAND NAME] p\u00e5 den v\u00e4derbest\u00e4ndiga utomhusmattan. Denna verandamatta har utvecklats f\u00f6r att st\u00f6ta bort smuts. Balkongmattan \u00e4r l\u00e4mplig f\u00f6r...","og_url":"https:\/\/truusk.store\/sv\/produkt\/truusk-utomhusmatta-robust-och-vaderbestandig-med-boho-stil-for-vardagsrum-och-balkong\/","og_site_name":"TRUUSK - Hem, Tr\u00e4dg\u00e5rd &amp; Fritid","article_modified_time":"2026-03-12T07:42:52+00:00","og_image":[{"width":2000,"height":2000,"url":"https:\/\/i0.wp.com\/truusk.se\/wp-content\/uploads\/2026\/01\/utomhusmatta-robust-vaderbestandig-utomhusmatta-matta-med-boho-stil-utomhusmatta-for-vardagsrum-balkong-1-1.webp?fit=2000%2C2000&ssl=1","type":"image\/webp"}],"twitter_card":"summary_large_image","twitter_misc":{"Ber\u00e4knad l\u00e4stid":"1 minut"},"schema":{"@context":"https:\/\/schema.org","@graph":[{"@type":"WebPage","@id":"https:\/\/truusk.store\/sv\/produkt\/truusk-utomhusmatta-robust-och-vaderbestandig-med-boho-stil-for-vardagsrum-och-balkong\/","url":"https:\/\/truusk.store\/sv\/produkt\/truusk-utomhusmatta-robust-och-vaderbestandig-med-boho-stil-for-vardagsrum-och-balkong\/","name":"TRUUSK Utomhusmatta - Robust och V\u00e4derbest\u00e4ndig - Med Boho-stil - F\u00f6r Vardagsrum och Balkong - TRUUSK - Hem, Tr\u00e4dg\u00e5rd &amp; Fritid","isPartOf":{"@id":"https:\/\/truusk.store\/sv\/#website"},"primaryImageOfPage":{"@id":"https:\/\/truusk.store\/sv\/produkt\/truusk-utomhusmatta-robust-och-vaderbestandig-med-boho-stil-for-vardagsrum-och-balkong\/#primaryimage"},"image":{"@id":"https:\/\/truusk.store\/sv\/produkt\/truusk-utomhusmatta-robust-och-vaderbestandig-med-boho-stil-for-vardagsrum-och-balkong\/#primaryimage"},"thumbnailUrl":"https:\/\/i0.wp.com\/truusk.store\/wp-content\/uploads\/2026\/01\/utomhusmatta-robust-vaderbestandig-utomhusmatta-matta-med-boho-stil-utomhusmatta-for-vardagsrum-balkong-1-1.webp?fit=2000%2C2000&ssl=1","datePublished":"2026-01-15T11:31:50+00:00","dateModified":"2026-03-12T07:42:52+00:00","breadcrumb":{"@id":"https:\/\/truusk.store\/sv\/produkt\/truusk-utomhusmatta-robust-och-vaderbestandig-med-boho-stil-for-vardagsrum-och-balkong\/#breadcrumb"},"inLanguage":"sv-SE","potentialAction":[{"@type":"ReadAction","target":["https:\/\/truusk.store\/sv\/produkt\/truusk-utomhusmatta-robust-och-vaderbestandig-med-boho-stil-for-vardagsrum-och-balkong\/"]}]},{"@type":"ImageObject","inLanguage":"sv-SE","@id":"https:\/\/truusk.store\/sv\/produkt\/truusk-utomhusmatta-robust-och-vaderbestandig-med-boho-stil-for-vardagsrum-och-balkong\/#primaryimage","url":"https:\/\/i0.wp.com\/truusk.store\/wp-content\/uploads\/2026\/01\/utomhusmatta-robust-vaderbestandig-utomhusmatta-matta-med-boho-stil-utomhusmatta-for-vardagsrum-balkong-1-1.webp?fit=2000%2C2000&ssl=1","contentUrl":"https:\/\/i0.wp.com\/truusk.store\/wp-content\/uploads\/2026\/01\/utomhusmatta-robust-vaderbestandig-utomhusmatta-matta-med-boho-stil-utomhusmatta-for-vardagsrum-balkong-1-1.webp?fit=2000%2C2000&ssl=1","width":2000,"height":2000},{"@type":"BreadcrumbList","@id":"https:\/\/truusk.store\/sv\/produkt\/truusk-utomhusmatta-robust-och-vaderbestandig-med-boho-stil-for-vardagsrum-och-balkong\/#breadcrumb","itemListElement":[{"@type":"ListItem","position":1,"name":"Home","item":"https:\/\/truusk.store\/sv\/"},{"@type":"ListItem","position":2,"name":"Shop","item":"https:\/\/truusk.store\/shop\/"},{"@type":"ListItem","position":3,"name":"TRUUSK Utomhusmatta &#8211; Robust och V\u00e4derbest\u00e4ndig &#8211; Med Boho-stil &#8211; F\u00f6r Vardagsrum och Balkong"}]},{"@type":"WebSite","@id":"https:\/\/truusk.store\/sv\/#website","url":"https:\/\/truusk.store\/sv\/","name":"TRUUSK - Hem, Tr\u00e4dg\u00e5rd & Fritid","description":"","publisher":{"@id":"https:\/\/truusk.store\/sv\/#organization"},"potentialAction":[{"@type":"SearchAction","target":{"@type":"EntryPoint","urlTemplate":"https:\/\/truusk.store\/sv\/?s={search_term_string}"},"query-input":{"@type":"PropertyValueSpecification","valueRequired":true,"valueName":"search_term_string"}}],"inLanguage":"sv-SE"},{"@type":"Organization","@id":"https:\/\/truusk.store\/sv\/#organization","name":"TRUUSK - Hem, Tr\u00e4dg\u00e5rd & Fritid","url":"https:\/\/truusk.store\/sv\/","logo":{"@type":"ImageObject","inLanguage":"sv-SE","@id":"https:\/\/truusk.store\/sv\/#\/schema\/logo\/image\/","url":"https:\/\/i0.wp.com\/truusk.store\/wp-content\/uploads\/2026\/03\/cropped-TRUUSK.png?fit=2032%2C917&ssl=1","contentUrl":"https:\/\/i0.wp.com\/truusk.store\/wp-content\/uploads\/2026\/03\/cropped-TRUUSK.png?fit=2032%2C917&ssl=1","width":2032,"height":917,"caption":"TRUUSK - Hem, Tr\u00e4dg\u00e5rd & Fritid"},"image":{"@id":"https:\/\/truusk.store\/sv\/#\/schema\/logo\/image\/"}}]}},"jetpack_sharing_enabled":true,"_links":{"self":[{"href":"https:\/\/truusk.store\/sv\/wp-json\/wp\/v2\/product\/99868","targetHints":{"allow":["GET"]}}],"collection":[{"href":"https:\/\/truusk.store\/sv\/wp-json\/wp\/v2\/product"}],"about":[{"href":"https:\/\/truusk.store\/sv\/wp-json\/wp\/v2\/types\/product"}],"wp:featuredmedia":[{"embeddable":true,"href":"https:\/\/truusk.store\/sv\/wp-json\/wp\/v2\/media\/99853"}],"wp:attachment":[{"href":"https:\/\/truusk.store\/sv\/wp-json\/wp\/v2\/media?parent=99868"}],"wp:term":[{"taxonomy":"product_brand","embeddable":true,"href":"https:\/\/truusk.store\/sv\/wp-json\/wp\/v2\/product_brand?post=99868"},{"taxonomy":"product_cat","embeddable":true,"href":"https:\/\/truusk.store\/sv\/wp-json\/wp\/v2\/product_cat?post=99868"},{"taxonomy":"product_tag","embeddable":true,"href":"https:\/\/truusk.store\/sv\/wp-json\/wp\/v2\/product_tag?post=99868"}],"curies":[{"name":"wp","href":"https:\/\/api.w.org\/{rel}","templated":true}]}}