{"id":99896,"date":"2026-01-15T12:39:18","date_gmt":"2026-01-15T11:39:18","guid":{"rendered":"https:\/\/truusk.store\/product\/vaxthus-med-fonster-pe-natfilm-vinterfast-folievaxthus-drivhus-180-x-90-x-70cm-vit\/"},"modified":"2026-03-12T08:48:49","modified_gmt":"2026-03-12T07:48:49","slug":"truusk-vaxthus-med-fonster-pe-natfilm-vinterfast-folievaxthus-180x90x70cm-vit","status":"publish","type":"product","link":"https:\/\/truusk.store\/sv\/produkt\/truusk-vaxthus-med-fonster-pe-natfilm-vinterfast-folievaxthus-180x90x70cm-vit\/","title":{"rendered":"TRUUSK V\u00e4xthus Med F\u00f6nster &#8211; PE-n\u00e4tfilm &#8211; Vinterfast &#8211; Foliev\u00e4xthus 180x90x70cm Vit"},"content":{"rendered":"<p>\u00c4r du en entusiastisk hobbytr\u00e4dg\u00e5rdsm\u00e4stare som vill bearbeta marken \u00e5ret runt? Detta kompakta v\u00e4xthus \u00e4r idealiskt f\u00f6r begr\u00e4nsade utomhusomr\u00e5den och skapar en varmare milj\u00f6 f\u00f6r dina v\u00e4xter. Tillverkat av en stabil st\u00e5lram och h\u00e5llbar plast\u00f6verdrag, erbjuder detta tomatv\u00e4xthus p\u00e5litligt skydd. Perfekt f\u00f6r tr\u00e4dg\u00e5rdsm\u00e4stare som vill ta hand om sina v\u00e4xter p\u00e5 ett s\u00e4kert och skyddat s\u00e4tt \u00e5ret runt.<\/p>\n<p>Beskrivning:<\/p>\n<ul>\n<li> Detta b\u00e4rbara v\u00e4xthus skyddar v\u00e4xter mot kyla och f\u00e5glar<\/li>\n<li> Detta tomatv\u00e4xthus \u00e4r l\u00e4mpligt f\u00f6r v\u00e4xter, gr\u00f6nsaker, frukt och blomodling<\/li>\n<li> Utvald PE-\u00f6verdrag med riv- och \u00e5ldersbest\u00e4ndiga egenskaper<\/li>\n<li> 2 f\u00f6nster med dragkedja och upprullningsfunktion f\u00f6r god ventilation och enkel v\u00e4xtv\u00e5rd<\/li>\n<li> F\u00f6rl\u00e4ngda kanter b\u00f6r gr\u00e4vas djupt ner i marken f\u00f6r att sp\u00e4nna \u00f6verdraget f\u00f6r \u00f6kad stabilitet<\/li>\n<li> St\u00e5lram f\u00f6r styrka och stabilitet<\/li>\n<li> Montering kr\u00e4vs<\/li>\n<\/ul>\n<p> Tekniska data:<\/p>\n<ul>\n<li> F\u00e4rg: Vit<\/li>\n<li> Material: Metall, PE<\/li>\n<li> Totala dimensioner: 180L x 90B x 70H cm<\/li>\n<li> Enskilda f\u00f6nsterdimensioner: 157B x 50H cm<\/li>\n<li> PE-\u00f6verdrag: 130 g\/m\u00b2<\/li>\n<\/ul>\n<p>Ing\u00e5r i leveransen:<\/p>\n<ul>\n<li> 1 x V\u00e4xthus<\/li>\n<li> 1 x Instruktioner<\/li>\n<\/ul>\n","protected":false},"excerpt":{"rendered":"<p>\u00c4r du en entusiastisk hobbytr\u00e4dg\u00e5rdsm\u00e4stare som vill bearbeta marken \u00e5ret runt? Detta kompakta v\u00e4xthus \u00e4r idealiskt f\u00f6r begr\u00e4nsade utomhusomr\u00e5den och&#8230;<\/p>\n","protected":false},"featured_media":99884,"template":"","meta":[],"product_brand":[],"product_cat":[903,858,443],"product_tag":[],"class_list":{"0":"post-99896","1":"product","2":"type-product","3":"status-publish","4":"has-post-thumbnail","6":"product_cat-plastvaxthus","7":"product_cat-tradgard-terrass","8":"product_cat-vaxthus-tradgardsskotsel","10":"first","11":"instock","12":"sale","13":"taxable","14":"shipping-taxable","15":"purchasable","16":"product-type-simple"},"yoast_head":"<!-- This site is optimized with the Yoast SEO plugin v25.4 - https:\/\/yoast.com\/wordpress\/plugins\/seo\/ -->\n<title>TRUUSK V\u00e4xthus Med F\u00f6nster - PE-n\u00e4tfilm - Vinterfast - Foliev\u00e4xthus 180x90x70cm Vit - TRUUSK - Hem, Tr\u00e4dg\u00e5rd &amp; Fritid<\/title>\n<meta name=\"robots\" content=\"index, follow, max-snippet:-1, max-image-preview:large, max-video-preview:-1\" \/>\n<link rel=\"canonical\" href=\"https:\/\/truusk.store\/sv\/produkt\/truusk-vaxthus-med-fonster-pe-natfilm-vinterfast-folievaxthus-180x90x70cm-vit\/\" \/>\n<meta property=\"og:locale\" content=\"sv_SE\" \/>\n<meta property=\"og:type\" content=\"article\" \/>\n<meta property=\"og:title\" content=\"TRUUSK V\u00e4xthus Med F\u00f6nster - PE-n\u00e4tfilm - Vinterfast - Foliev\u00e4xthus 180x90x70cm Vit - TRUUSK - Hem, Tr\u00e4dg\u00e5rd &amp; Fritid\" \/>\n<meta property=\"og:description\" content=\"\u00c4r du en entusiastisk hobbytr\u00e4dg\u00e5rdsm\u00e4stare som vill bearbeta marken \u00e5ret runt? Detta kompakta v\u00e4xthus \u00e4r idealiskt f\u00f6r begr\u00e4nsade utomhusomr\u00e5den och...\" \/>\n<meta property=\"og:url\" content=\"https:\/\/truusk.store\/sv\/produkt\/truusk-vaxthus-med-fonster-pe-natfilm-vinterfast-folievaxthus-180x90x70cm-vit\/\" \/>\n<meta property=\"og:site_name\" content=\"TRUUSK - Hem, Tr\u00e4dg\u00e5rd &amp; Fritid\" \/>\n<meta property=\"article:modified_time\" content=\"2026-03-12T07:48:49+00:00\" \/>\n<meta property=\"og:image\" content=\"https:\/\/i0.wp.com\/truusk.se\/wp-content\/uploads\/2026\/01\/vaxthus-med-fonster-pe-natfilm-vinterfast-folievaxthus-drivhus-180-x-90-x-70cm-vit-1.webp?fit=2000%2C2000&ssl=1\" \/>\n\t<meta property=\"og:image:width\" content=\"2000\" \/>\n\t<meta property=\"og:image:height\" content=\"2000\" \/>\n\t<meta property=\"og:image:type\" content=\"image\/webp\" \/>\n<meta name=\"twitter:card\" content=\"summary_large_image\" \/>\n<meta name=\"twitter:label1\" content=\"Ber\u00e4knad l\u00e4stid\" \/>\n\t<meta name=\"twitter:data1\" content=\"1 minut\" \/>\n<!-- \/ Yoast SEO plugin. -->","yoast_head_json":{"title":"TRUUSK V\u00e4xthus Med F\u00f6nster - PE-n\u00e4tfilm - Vinterfast - Foliev\u00e4xthus 180x90x70cm Vit - TRUUSK - Hem, Tr\u00e4dg\u00e5rd &amp; Fritid","robots":{"index":"index","follow":"follow","max-snippet":"max-snippet:-1","max-image-preview":"max-image-preview:large","max-video-preview":"max-video-preview:-1"},"canonical":"https:\/\/truusk.store\/sv\/produkt\/truusk-vaxthus-med-fonster-pe-natfilm-vinterfast-folievaxthus-180x90x70cm-vit\/","og_locale":"sv_SE","og_type":"article","og_title":"TRUUSK V\u00e4xthus Med F\u00f6nster - PE-n\u00e4tfilm - Vinterfast - Foliev\u00e4xthus 180x90x70cm Vit - TRUUSK - Hem, Tr\u00e4dg\u00e5rd &amp; Fritid","og_description":"\u00c4r du en entusiastisk hobbytr\u00e4dg\u00e5rdsm\u00e4stare som vill bearbeta marken \u00e5ret runt? Detta kompakta v\u00e4xthus \u00e4r idealiskt f\u00f6r begr\u00e4nsade utomhusomr\u00e5den och...","og_url":"https:\/\/truusk.store\/sv\/produkt\/truusk-vaxthus-med-fonster-pe-natfilm-vinterfast-folievaxthus-180x90x70cm-vit\/","og_site_name":"TRUUSK - Hem, Tr\u00e4dg\u00e5rd &amp; Fritid","article_modified_time":"2026-03-12T07:48:49+00:00","og_image":[{"width":2000,"height":2000,"url":"https:\/\/i0.wp.com\/truusk.se\/wp-content\/uploads\/2026\/01\/vaxthus-med-fonster-pe-natfilm-vinterfast-folievaxthus-drivhus-180-x-90-x-70cm-vit-1.webp?fit=2000%2C2000&ssl=1","type":"image\/webp"}],"twitter_card":"summary_large_image","twitter_misc":{"Ber\u00e4knad l\u00e4stid":"1 minut"},"schema":{"@context":"https:\/\/schema.org","@graph":[{"@type":"WebPage","@id":"https:\/\/truusk.store\/sv\/produkt\/truusk-vaxthus-med-fonster-pe-natfilm-vinterfast-folievaxthus-180x90x70cm-vit\/","url":"https:\/\/truusk.store\/sv\/produkt\/truusk-vaxthus-med-fonster-pe-natfilm-vinterfast-folievaxthus-180x90x70cm-vit\/","name":"TRUUSK V\u00e4xthus Med F\u00f6nster - PE-n\u00e4tfilm - Vinterfast - Foliev\u00e4xthus 180x90x70cm Vit - TRUUSK - Hem, Tr\u00e4dg\u00e5rd &amp; Fritid","isPartOf":{"@id":"https:\/\/truusk.store\/sv\/#website"},"primaryImageOfPage":{"@id":"https:\/\/truusk.store\/sv\/produkt\/truusk-vaxthus-med-fonster-pe-natfilm-vinterfast-folievaxthus-180x90x70cm-vit\/#primaryimage"},"image":{"@id":"https:\/\/truusk.store\/sv\/produkt\/truusk-vaxthus-med-fonster-pe-natfilm-vinterfast-folievaxthus-180x90x70cm-vit\/#primaryimage"},"thumbnailUrl":"https:\/\/i0.wp.com\/truusk.store\/wp-content\/uploads\/2026\/01\/vaxthus-med-fonster-pe-natfilm-vinterfast-folievaxthus-drivhus-180-x-90-x-70cm-vit-1.webp?fit=2000%2C2000&ssl=1","datePublished":"2026-01-15T11:39:18+00:00","dateModified":"2026-03-12T07:48:49+00:00","breadcrumb":{"@id":"https:\/\/truusk.store\/sv\/produkt\/truusk-vaxthus-med-fonster-pe-natfilm-vinterfast-folievaxthus-180x90x70cm-vit\/#breadcrumb"},"inLanguage":"sv-SE","potentialAction":[{"@type":"ReadAction","target":["https:\/\/truusk.store\/sv\/produkt\/truusk-vaxthus-med-fonster-pe-natfilm-vinterfast-folievaxthus-180x90x70cm-vit\/"]}]},{"@type":"ImageObject","inLanguage":"sv-SE","@id":"https:\/\/truusk.store\/sv\/produkt\/truusk-vaxthus-med-fonster-pe-natfilm-vinterfast-folievaxthus-180x90x70cm-vit\/#primaryimage","url":"https:\/\/i0.wp.com\/truusk.store\/wp-content\/uploads\/2026\/01\/vaxthus-med-fonster-pe-natfilm-vinterfast-folievaxthus-drivhus-180-x-90-x-70cm-vit-1.webp?fit=2000%2C2000&ssl=1","contentUrl":"https:\/\/i0.wp.com\/truusk.store\/wp-content\/uploads\/2026\/01\/vaxthus-med-fonster-pe-natfilm-vinterfast-folievaxthus-drivhus-180-x-90-x-70cm-vit-1.webp?fit=2000%2C2000&ssl=1","width":2000,"height":2000},{"@type":"BreadcrumbList","@id":"https:\/\/truusk.store\/sv\/produkt\/truusk-vaxthus-med-fonster-pe-natfilm-vinterfast-folievaxthus-180x90x70cm-vit\/#breadcrumb","itemListElement":[{"@type":"ListItem","position":1,"name":"Home","item":"https:\/\/truusk.store\/sv\/"},{"@type":"ListItem","position":2,"name":"Shop","item":"https:\/\/truusk.store\/shop\/"},{"@type":"ListItem","position":3,"name":"TRUUSK V\u00e4xthus Med F\u00f6nster &#8211; PE-n\u00e4tfilm &#8211; Vinterfast &#8211; Foliev\u00e4xthus 180x90x70cm Vit"}]},{"@type":"WebSite","@id":"https:\/\/truusk.store\/sv\/#website","url":"https:\/\/truusk.store\/sv\/","name":"TRUUSK - Hem, Tr\u00e4dg\u00e5rd & Fritid","description":"","publisher":{"@id":"https:\/\/truusk.store\/sv\/#organization"},"potentialAction":[{"@type":"SearchAction","target":{"@type":"EntryPoint","urlTemplate":"https:\/\/truusk.store\/sv\/?s={search_term_string}"},"query-input":{"@type":"PropertyValueSpecification","valueRequired":true,"valueName":"search_term_string"}}],"inLanguage":"sv-SE"},{"@type":"Organization","@id":"https:\/\/truusk.store\/sv\/#organization","name":"TRUUSK - Hem, Tr\u00e4dg\u00e5rd & Fritid","url":"https:\/\/truusk.store\/sv\/","logo":{"@type":"ImageObject","inLanguage":"sv-SE","@id":"https:\/\/truusk.store\/sv\/#\/schema\/logo\/image\/","url":"https:\/\/i0.wp.com\/truusk.store\/wp-content\/uploads\/2026\/03\/cropped-TRUUSK.png?fit=2032%2C917&ssl=1","contentUrl":"https:\/\/i0.wp.com\/truusk.store\/wp-content\/uploads\/2026\/03\/cropped-TRUUSK.png?fit=2032%2C917&ssl=1","width":2032,"height":917,"caption":"TRUUSK - Hem, Tr\u00e4dg\u00e5rd & Fritid"},"image":{"@id":"https:\/\/truusk.store\/sv\/#\/schema\/logo\/image\/"}}]}},"jetpack_sharing_enabled":true,"_links":{"self":[{"href":"https:\/\/truusk.store\/sv\/wp-json\/wp\/v2\/product\/99896","targetHints":{"allow":["GET"]}}],"collection":[{"href":"https:\/\/truusk.store\/sv\/wp-json\/wp\/v2\/product"}],"about":[{"href":"https:\/\/truusk.store\/sv\/wp-json\/wp\/v2\/types\/product"}],"wp:featuredmedia":[{"embeddable":true,"href":"https:\/\/truusk.store\/sv\/wp-json\/wp\/v2\/media\/99884"}],"wp:attachment":[{"href":"https:\/\/truusk.store\/sv\/wp-json\/wp\/v2\/media?parent=99896"}],"wp:term":[{"taxonomy":"product_brand","embeddable":true,"href":"https:\/\/truusk.store\/sv\/wp-json\/wp\/v2\/product_brand?post=99896"},{"taxonomy":"product_cat","embeddable":true,"href":"https:\/\/truusk.store\/sv\/wp-json\/wp\/v2\/product_cat?post=99896"},{"taxonomy":"product_tag","embeddable":true,"href":"https:\/\/truusk.store\/sv\/wp-json\/wp\/v2\/product_tag?post=99896"}],"curies":[{"name":"wp","href":"https:\/\/api.w.org\/{rel}","templated":true}]}}