{"id":99943,"date":"2026-01-15T12:44:13","date_gmt":"2026-01-15T11:44:13","guid":{"rendered":"https:\/\/truusk.store\/product\/kladstallning-med-hjul-garderobsstallning-med-kladstang-skohylla-av-bambu-80-x-40-x-160-cm-natur\/"},"modified":"2026-03-12T08:50:37","modified_gmt":"2026-03-12T07:50:37","slug":"truusk-kladstallning-med-hjul-garderobsstallning-med-kladstang-skohylla-av-bambu-80-x-40-x-160-cm-natur","status":"publish","type":"product","link":"https:\/\/truusk.store\/sv\/produkt\/truusk-kladstallning-med-hjul-garderobsstallning-med-kladstang-skohylla-av-bambu-80-x-40-x-160-cm-natur\/","title":{"rendered":"TRUUSK Kl\u00e4dst\u00e4llning Med Hjul &#8211; Garderobsst\u00e4llning Med Kl\u00e4dst\u00e5ng &#8211; Skohylla &#8211; Av Bambu &#8211; 80 X 40 X 160 Cm &#8211; Natur"},"content":{"rendered":"<p>Uppt\u00e4ck [BRAND NAME] kl\u00e4dst\u00e4llning p\u00e5 hjul: En elegant 3-i-1 design med tv\u00e5 kl\u00e4dst\u00e4nger f\u00f6r din garderob och en stor skohylla nedtill. L\u00e4tt att flytta p\u00e5 smidiga hjul och enkel att fixera. Tillverkad av elegant bambu, berikar kl\u00e4dst\u00e4llningen varje rum som en utrymmesbesparande, stilfull l\u00f6sning.<\/p>\n<p>Beskrivning:<\/p>\n<ul>\n<li> Tv\u00e5 kl\u00e4dst\u00e4nger (148,5\/87 cm) p\u00e5 jackst\u00e4llet erbjuder effektivt utrymme f\u00f6r l\u00e5nga och korta kl\u00e4desplagg<\/li>\n<li> Det rymliga nedre hyllan p\u00e5 kl\u00e4dst\u00e4llningen rymmer upp till fyra par skor (upp till EU-storlek 44)<\/li>\n<li> Fyra hjul med tv\u00e5 bromsar p\u00e5 kl\u00e4dst\u00e4llningen s\u00e4kerst\u00e4ller enkel r\u00f6relse och stabil placering<\/li>\n<li> Tillverkad av robust, lackerad bambu f\u00f6r l\u00e5ngvarig anv\u00e4ndning och starkt st\u00f6d<\/li>\n<li> Den naturliga designen p\u00e5 kl\u00e4dst\u00e4llningen p\u00e5 hjul kompletterar alla heminredningar och passar f\u00f6r sovrum, vardagsrum och entr\u00e9omr\u00e5den<\/li>\n<li> Monteringen kr\u00e4vs<\/li>\n<\/ul>\n<p> Tekniska specifikationer:<\/p>\n<ul>\n<li> F\u00e4rg: Natur<\/li>\n<li> Material: Bambu<\/li>\n<li> Totala dimensioner: 80B x 40D x 160H cm<\/li>\n<li> L\u00e4ngd p\u00e5 kl\u00e4dst\u00e5ngen: 80 cm<\/li>\n<li> \u00d6vre h\u00e4ngutrymme: 65B x 148,5H cm<\/li>\n<li> Nedre h\u00e4ngutrymme: 65B x 87H cm<\/li>\n<li> Storlek p\u00e5 nedre hyllan: 69B x 40D cm<\/li>\n<li> B\u00e4rkapacitet: 15 kg (totalt), 5 kg (kl\u00e4dst\u00e5ng), 5 kg (hylla)<\/li>\n<\/ul>\n<p>Leveransinneh\u00e5ll:<\/p>\n<ul>\n<li> 1 x kl\u00e4dst\u00e4llning<\/li>\n<li> 1 x bruksanvisning<\/li>\n<\/ul>\n","protected":false},"excerpt":{"rendered":"<p>Uppt\u00e4ck [BRAND NAME] kl\u00e4dst\u00e4llning p\u00e5 hjul: En elegant 3-i-1 design med tv\u00e5 kl\u00e4dst\u00e4nger f\u00f6r din garderob och en stor skohylla&#8230;<\/p>\n","protected":false},"featured_media":99933,"template":"","meta":[],"product_brand":[],"product_cat":[893,871,560],"product_tag":[],"class_list":{"0":"post-99943","1":"product","2":"type-product","3":"status-publish","4":"has-post-thumbnail","6":"product_cat-garderob-hall","7":"product_cat-hus-hem","8":"product_cat-kladhangare","10":"first","11":"instock","12":"sale","13":"taxable","14":"shipping-taxable","15":"purchasable","16":"product-type-simple"},"yoast_head":"<!-- This site is optimized with the Yoast SEO plugin v25.4 - https:\/\/yoast.com\/wordpress\/plugins\/seo\/ -->\n<title>TRUUSK Kl\u00e4dst\u00e4llning Med Hjul - Garderobsst\u00e4llning Med Kl\u00e4dst\u00e5ng - Skohylla - Av Bambu - 80 X 40 X 160 Cm - Natur - TRUUSK - Hem, Tr\u00e4dg\u00e5rd &amp; Fritid<\/title>\n<meta name=\"robots\" content=\"index, follow, max-snippet:-1, max-image-preview:large, max-video-preview:-1\" \/>\n<link rel=\"canonical\" href=\"https:\/\/truusk.store\/sv\/produkt\/truusk-kladstallning-med-hjul-garderobsstallning-med-kladstang-skohylla-av-bambu-80-x-40-x-160-cm-natur\/\" \/>\n<meta property=\"og:locale\" content=\"sv_SE\" \/>\n<meta property=\"og:type\" content=\"article\" \/>\n<meta property=\"og:title\" content=\"TRUUSK Kl\u00e4dst\u00e4llning Med Hjul - Garderobsst\u00e4llning Med Kl\u00e4dst\u00e5ng - Skohylla - Av Bambu - 80 X 40 X 160 Cm - Natur - TRUUSK - Hem, Tr\u00e4dg\u00e5rd &amp; Fritid\" \/>\n<meta property=\"og:description\" content=\"Uppt\u00e4ck [BRAND NAME] kl\u00e4dst\u00e4llning p\u00e5 hjul: En elegant 3-i-1 design med tv\u00e5 kl\u00e4dst\u00e4nger f\u00f6r din garderob och en stor skohylla...\" \/>\n<meta property=\"og:url\" content=\"https:\/\/truusk.store\/sv\/produkt\/truusk-kladstallning-med-hjul-garderobsstallning-med-kladstang-skohylla-av-bambu-80-x-40-x-160-cm-natur\/\" \/>\n<meta property=\"og:site_name\" content=\"TRUUSK - Hem, Tr\u00e4dg\u00e5rd &amp; Fritid\" \/>\n<meta property=\"article:modified_time\" content=\"2026-03-12T07:50:37+00:00\" \/>\n<meta property=\"og:image\" content=\"https:\/\/i0.wp.com\/truusk.se\/wp-content\/uploads\/2026\/01\/kladstallning-med-hjul-garderobsstallning-med-kladstang-skohylla-av-bambu-80-x-40-x-160-cm-natur-1.webp?fit=2000%2C2000&ssl=1\" \/>\n\t<meta property=\"og:image:width\" content=\"2000\" \/>\n\t<meta property=\"og:image:height\" content=\"2000\" \/>\n\t<meta property=\"og:image:type\" content=\"image\/webp\" \/>\n<meta name=\"twitter:card\" content=\"summary_large_image\" \/>\n<meta name=\"twitter:label1\" content=\"Ber\u00e4knad l\u00e4stid\" \/>\n\t<meta name=\"twitter:data1\" content=\"1 minut\" \/>\n<!-- \/ Yoast SEO plugin. -->","yoast_head_json":{"title":"TRUUSK Kl\u00e4dst\u00e4llning Med Hjul - Garderobsst\u00e4llning Med Kl\u00e4dst\u00e5ng - Skohylla - Av Bambu - 80 X 40 X 160 Cm - Natur - TRUUSK - Hem, Tr\u00e4dg\u00e5rd &amp; Fritid","robots":{"index":"index","follow":"follow","max-snippet":"max-snippet:-1","max-image-preview":"max-image-preview:large","max-video-preview":"max-video-preview:-1"},"canonical":"https:\/\/truusk.store\/sv\/produkt\/truusk-kladstallning-med-hjul-garderobsstallning-med-kladstang-skohylla-av-bambu-80-x-40-x-160-cm-natur\/","og_locale":"sv_SE","og_type":"article","og_title":"TRUUSK Kl\u00e4dst\u00e4llning Med Hjul - Garderobsst\u00e4llning Med Kl\u00e4dst\u00e5ng - Skohylla - Av Bambu - 80 X 40 X 160 Cm - Natur - TRUUSK - Hem, Tr\u00e4dg\u00e5rd &amp; Fritid","og_description":"Uppt\u00e4ck [BRAND NAME] kl\u00e4dst\u00e4llning p\u00e5 hjul: En elegant 3-i-1 design med tv\u00e5 kl\u00e4dst\u00e4nger f\u00f6r din garderob och en stor skohylla...","og_url":"https:\/\/truusk.store\/sv\/produkt\/truusk-kladstallning-med-hjul-garderobsstallning-med-kladstang-skohylla-av-bambu-80-x-40-x-160-cm-natur\/","og_site_name":"TRUUSK - Hem, Tr\u00e4dg\u00e5rd &amp; Fritid","article_modified_time":"2026-03-12T07:50:37+00:00","og_image":[{"width":2000,"height":2000,"url":"https:\/\/i0.wp.com\/truusk.se\/wp-content\/uploads\/2026\/01\/kladstallning-med-hjul-garderobsstallning-med-kladstang-skohylla-av-bambu-80-x-40-x-160-cm-natur-1.webp?fit=2000%2C2000&ssl=1","type":"image\/webp"}],"twitter_card":"summary_large_image","twitter_misc":{"Ber\u00e4knad l\u00e4stid":"1 minut"},"schema":{"@context":"https:\/\/schema.org","@graph":[{"@type":"WebPage","@id":"https:\/\/truusk.store\/sv\/produkt\/truusk-kladstallning-med-hjul-garderobsstallning-med-kladstang-skohylla-av-bambu-80-x-40-x-160-cm-natur\/","url":"https:\/\/truusk.store\/sv\/produkt\/truusk-kladstallning-med-hjul-garderobsstallning-med-kladstang-skohylla-av-bambu-80-x-40-x-160-cm-natur\/","name":"TRUUSK Kl\u00e4dst\u00e4llning Med Hjul - Garderobsst\u00e4llning Med Kl\u00e4dst\u00e5ng - Skohylla - Av Bambu - 80 X 40 X 160 Cm - Natur - TRUUSK - Hem, Tr\u00e4dg\u00e5rd &amp; Fritid","isPartOf":{"@id":"https:\/\/truusk.store\/sv\/#website"},"primaryImageOfPage":{"@id":"https:\/\/truusk.store\/sv\/produkt\/truusk-kladstallning-med-hjul-garderobsstallning-med-kladstang-skohylla-av-bambu-80-x-40-x-160-cm-natur\/#primaryimage"},"image":{"@id":"https:\/\/truusk.store\/sv\/produkt\/truusk-kladstallning-med-hjul-garderobsstallning-med-kladstang-skohylla-av-bambu-80-x-40-x-160-cm-natur\/#primaryimage"},"thumbnailUrl":"https:\/\/i0.wp.com\/truusk.store\/wp-content\/uploads\/2026\/01\/kladstallning-med-hjul-garderobsstallning-med-kladstang-skohylla-av-bambu-80-x-40-x-160-cm-natur-1.webp?fit=2000%2C2000&ssl=1","datePublished":"2026-01-15T11:44:13+00:00","dateModified":"2026-03-12T07:50:37+00:00","breadcrumb":{"@id":"https:\/\/truusk.store\/sv\/produkt\/truusk-kladstallning-med-hjul-garderobsstallning-med-kladstang-skohylla-av-bambu-80-x-40-x-160-cm-natur\/#breadcrumb"},"inLanguage":"sv-SE","potentialAction":[{"@type":"ReadAction","target":["https:\/\/truusk.store\/sv\/produkt\/truusk-kladstallning-med-hjul-garderobsstallning-med-kladstang-skohylla-av-bambu-80-x-40-x-160-cm-natur\/"]}]},{"@type":"ImageObject","inLanguage":"sv-SE","@id":"https:\/\/truusk.store\/sv\/produkt\/truusk-kladstallning-med-hjul-garderobsstallning-med-kladstang-skohylla-av-bambu-80-x-40-x-160-cm-natur\/#primaryimage","url":"https:\/\/i0.wp.com\/truusk.store\/wp-content\/uploads\/2026\/01\/kladstallning-med-hjul-garderobsstallning-med-kladstang-skohylla-av-bambu-80-x-40-x-160-cm-natur-1.webp?fit=2000%2C2000&ssl=1","contentUrl":"https:\/\/i0.wp.com\/truusk.store\/wp-content\/uploads\/2026\/01\/kladstallning-med-hjul-garderobsstallning-med-kladstang-skohylla-av-bambu-80-x-40-x-160-cm-natur-1.webp?fit=2000%2C2000&ssl=1","width":2000,"height":2000},{"@type":"BreadcrumbList","@id":"https:\/\/truusk.store\/sv\/produkt\/truusk-kladstallning-med-hjul-garderobsstallning-med-kladstang-skohylla-av-bambu-80-x-40-x-160-cm-natur\/#breadcrumb","itemListElement":[{"@type":"ListItem","position":1,"name":"Home","item":"https:\/\/truusk.store\/sv\/"},{"@type":"ListItem","position":2,"name":"Shop","item":"https:\/\/truusk.store\/shop\/"},{"@type":"ListItem","position":3,"name":"TRUUSK Kl\u00e4dst\u00e4llning Med Hjul &#8211; Garderobsst\u00e4llning Med Kl\u00e4dst\u00e5ng &#8211; Skohylla &#8211; Av Bambu &#8211; 80 X 40 X 160 Cm &#8211; Natur"}]},{"@type":"WebSite","@id":"https:\/\/truusk.store\/sv\/#website","url":"https:\/\/truusk.store\/sv\/","name":"TRUUSK - Hem, Tr\u00e4dg\u00e5rd & Fritid","description":"","publisher":{"@id":"https:\/\/truusk.store\/sv\/#organization"},"potentialAction":[{"@type":"SearchAction","target":{"@type":"EntryPoint","urlTemplate":"https:\/\/truusk.store\/sv\/?s={search_term_string}"},"query-input":{"@type":"PropertyValueSpecification","valueRequired":true,"valueName":"search_term_string"}}],"inLanguage":"sv-SE"},{"@type":"Organization","@id":"https:\/\/truusk.store\/sv\/#organization","name":"TRUUSK - Hem, Tr\u00e4dg\u00e5rd & Fritid","url":"https:\/\/truusk.store\/sv\/","logo":{"@type":"ImageObject","inLanguage":"sv-SE","@id":"https:\/\/truusk.store\/sv\/#\/schema\/logo\/image\/","url":"https:\/\/i0.wp.com\/truusk.store\/wp-content\/uploads\/2026\/03\/cropped-TRUUSK.png?fit=2032%2C917&ssl=1","contentUrl":"https:\/\/i0.wp.com\/truusk.store\/wp-content\/uploads\/2026\/03\/cropped-TRUUSK.png?fit=2032%2C917&ssl=1","width":2032,"height":917,"caption":"TRUUSK - Hem, Tr\u00e4dg\u00e5rd & Fritid"},"image":{"@id":"https:\/\/truusk.store\/sv\/#\/schema\/logo\/image\/"}}]}},"jetpack_sharing_enabled":true,"_links":{"self":[{"href":"https:\/\/truusk.store\/sv\/wp-json\/wp\/v2\/product\/99943","targetHints":{"allow":["GET"]}}],"collection":[{"href":"https:\/\/truusk.store\/sv\/wp-json\/wp\/v2\/product"}],"about":[{"href":"https:\/\/truusk.store\/sv\/wp-json\/wp\/v2\/types\/product"}],"wp:featuredmedia":[{"embeddable":true,"href":"https:\/\/truusk.store\/sv\/wp-json\/wp\/v2\/media\/99933"}],"wp:attachment":[{"href":"https:\/\/truusk.store\/sv\/wp-json\/wp\/v2\/media?parent=99943"}],"wp:term":[{"taxonomy":"product_brand","embeddable":true,"href":"https:\/\/truusk.store\/sv\/wp-json\/wp\/v2\/product_brand?post=99943"},{"taxonomy":"product_cat","embeddable":true,"href":"https:\/\/truusk.store\/sv\/wp-json\/wp\/v2\/product_cat?post=99943"},{"taxonomy":"product_tag","embeddable":true,"href":"https:\/\/truusk.store\/sv\/wp-json\/wp\/v2\/product_tag?post=99943"}],"curies":[{"name":"wp","href":"https:\/\/api.w.org\/{rel}","templated":true}]}}