{"id":99983,"date":"2026-01-15T12:48:43","date_gmt":"2026-01-15T11:48:43","guid":{"rendered":"https:\/\/truusk.store\/product\/byra-med-8-tyglador-stalram-laddningsstation-rustikt-brunsvart\/"},"modified":"2026-03-12T08:52:22","modified_gmt":"2026-03-12T07:52:22","slug":"truusk-byra-med-8-tyglador-stalram-laddningsstation-rustikt-brunsvart","status":"publish","type":"product","link":"https:\/\/truusk.store\/sv\/produkt\/truusk-byra-med-8-tyglador-stalram-laddningsstation-rustikt-brunsvart\/","title":{"rendered":"TRUUSK Byr\u00e5 Med 8 Tygl\u00e5dor &#8211; St\u00e5lram &#8211; Laddningsstation &#8211; Rustikt Brun+svart"},"content":{"rendered":"<p>Trassliga kablar och fulla ytor skapar oreda. [BRAND NAME] tygbyr\u00e5 skapar ordning och funktionalitet med en inbyggd laddningsstation. Den laddar din mobil, surfplatta och lampa, samtidigt som den h\u00e5ller kablar snyggt undanstoppade. \u00c5tta tygl\u00e5dor och en stegvis yta erbjuder gott om utrymme f\u00f6r kl\u00e4der och dekorationer. Sidohakar \u00e4r dessutom idealiska f\u00f6r v\u00e4skor och h\u00f6rlurar. Byr\u00e5n i rustika bruna och svarta nyanser ger varje rum en touch av industriell charm.<\/p>\n<p>Beskrivning:<\/p>\n<ul>\n<li> Integrerad str\u00f6mstation med tv\u00e5 v\u00e4xelstr\u00f6msuttag, en USB- och en USB-C-kontakt h\u00e5ller enheter laddade<\/li>\n<li> \u00c5tta tygl\u00e5dor och ett \u00f6ppet fack organiserar kl\u00e4der, b\u00f6cker och tillbeh\u00f6r<\/li>\n<li> Det stegvisa \u00f6verdesignet erbjuder plats f\u00f6r lampor eller dekorationer med ett snyggt, lagerp\u00e5lagt utseende<\/li>\n<li> Tv\u00e5 sidohakar erbjuder praktiskt f\u00f6rvaringsutrymme f\u00f6r v\u00e4skor, h\u00f6rlurar eller nycklar<\/li>\n<li> En stark st\u00e5lram garanterar l\u00e5ngvarig stabilitet och st\u00f6d<\/li>\n<li> Justerbara f\u00f6tter h\u00e5ller hallsk\u00e5pet balanserat och skyddar golvet mot repor<\/li>\n<li> Rustik brun finish och svarta l\u00e5dor ger varje rum modern industriell charm<\/li>\n<li> Montering kr\u00e4vs<\/li>\n<\/ul>\n<p> Tekniska data:<\/p>\n<ul>\n<li> F\u00e4rg: Rustik Brun+Svart<\/li>\n<li> Material: Sp\u00e5nskiva, st\u00e5l, non-woven tyg<\/li>\n<li> Totala dimensioner: 130,5B x 30T x 88H cm<\/li>\n<li> \u00d6verdelens storlek: (v\u00e4nster) 44,5B x 30T cm<\/li>\n<li> \u00d6verdelens storlek: (h\u00f6ger) 84,5B x 22T cm<\/li>\n<li> Inre m\u00e5tt p\u00e5 l\u00e5dorna: 41B x 29T x 22H cm<\/li>\n<li> Storlek p\u00e5 \u00f6ppet fack: 41,5B x 28,5T x 30,5H cm<\/li>\n<li> Nominell sp\u00e4nning\/frekvens: (f\u00f6r uttaget) AC 220-250 V, 50 Hz, 16 A<\/li>\n<li> Nominell sp\u00e4nning\/nominell str\u00f6m: (f\u00f6r USB-porten) DC 5 V, 2,1 A<\/li>\n<li> Maximal belastning: 3 kg (l\u00e5da), 15 kg (\u00f6verdel), 5 kg (fack), 50 kg (totalt)<\/li>\n<\/ul>\n<p>Leveransinneh\u00e5ll:<\/p>\n<ul>\n<li> 1 x Tygbyr\u00e5<\/li>\n<li> 1 x Bruksanvisning<\/li>\n<\/ul>\n","protected":false},"excerpt":{"rendered":"<p>Trassliga kablar och fulla ytor skapar oreda. [BRAND NAME] tygbyr\u00e5 skapar ordning och funktionalitet med en inbyggd laddningsstation. Den laddar&#8230;<\/p>\n","protected":false},"featured_media":99974,"template":"","meta":[],"product_brand":[],"product_cat":[956,871,910],"product_tag":[],"class_list":{"0":"post-99983","1":"product","2":"type-product","3":"status-publish","4":"has-post-thumbnail","6":"product_cat-byraer-sideboards","7":"product_cat-hus-hem","8":"product_cat-vardagsrum","10":"first","11":"instock","12":"sale","13":"taxable","14":"shipping-taxable","15":"purchasable","16":"product-type-simple"},"yoast_head":"<!-- This site is optimized with the Yoast SEO plugin v25.4 - https:\/\/yoast.com\/wordpress\/plugins\/seo\/ -->\n<title>TRUUSK Byr\u00e5 Med 8 Tygl\u00e5dor - St\u00e5lram - Laddningsstation - Rustikt Brun+svart - TRUUSK - Hem, Tr\u00e4dg\u00e5rd &amp; Fritid<\/title>\n<meta name=\"robots\" content=\"index, follow, max-snippet:-1, max-image-preview:large, max-video-preview:-1\" \/>\n<link rel=\"canonical\" href=\"https:\/\/truusk.store\/sv\/produkt\/truusk-byra-med-8-tyglador-stalram-laddningsstation-rustikt-brunsvart\/\" \/>\n<meta property=\"og:locale\" content=\"sv_SE\" \/>\n<meta property=\"og:type\" content=\"article\" \/>\n<meta property=\"og:title\" content=\"TRUUSK Byr\u00e5 Med 8 Tygl\u00e5dor - St\u00e5lram - Laddningsstation - Rustikt Brun+svart - TRUUSK - Hem, Tr\u00e4dg\u00e5rd &amp; Fritid\" \/>\n<meta property=\"og:description\" content=\"Trassliga kablar och fulla ytor skapar oreda. [BRAND NAME] tygbyr\u00e5 skapar ordning och funktionalitet med en inbyggd laddningsstation. Den laddar...\" \/>\n<meta property=\"og:url\" content=\"https:\/\/truusk.store\/sv\/produkt\/truusk-byra-med-8-tyglador-stalram-laddningsstation-rustikt-brunsvart\/\" \/>\n<meta property=\"og:site_name\" content=\"TRUUSK - Hem, Tr\u00e4dg\u00e5rd &amp; Fritid\" \/>\n<meta property=\"article:modified_time\" content=\"2026-03-12T07:52:22+00:00\" \/>\n<meta property=\"og:image\" content=\"https:\/\/i0.wp.com\/truusk.se\/wp-content\/uploads\/2026\/01\/byra-med-8-tyglador-stalram-laddningsstation-rustikt-brunsvart-1.webp?fit=2000%2C2000&ssl=1\" \/>\n\t<meta property=\"og:image:width\" content=\"2000\" \/>\n\t<meta property=\"og:image:height\" content=\"2000\" \/>\n\t<meta property=\"og:image:type\" content=\"image\/webp\" \/>\n<meta name=\"twitter:card\" content=\"summary_large_image\" \/>\n<meta name=\"twitter:label1\" content=\"Ber\u00e4knad l\u00e4stid\" \/>\n\t<meta name=\"twitter:data1\" content=\"1 minut\" \/>\n<!-- \/ Yoast SEO plugin. -->","yoast_head_json":{"title":"TRUUSK Byr\u00e5 Med 8 Tygl\u00e5dor - St\u00e5lram - Laddningsstation - Rustikt Brun+svart - TRUUSK - Hem, Tr\u00e4dg\u00e5rd &amp; Fritid","robots":{"index":"index","follow":"follow","max-snippet":"max-snippet:-1","max-image-preview":"max-image-preview:large","max-video-preview":"max-video-preview:-1"},"canonical":"https:\/\/truusk.store\/sv\/produkt\/truusk-byra-med-8-tyglador-stalram-laddningsstation-rustikt-brunsvart\/","og_locale":"sv_SE","og_type":"article","og_title":"TRUUSK Byr\u00e5 Med 8 Tygl\u00e5dor - St\u00e5lram - Laddningsstation - Rustikt Brun+svart - TRUUSK - Hem, Tr\u00e4dg\u00e5rd &amp; Fritid","og_description":"Trassliga kablar och fulla ytor skapar oreda. [BRAND NAME] tygbyr\u00e5 skapar ordning och funktionalitet med en inbyggd laddningsstation. Den laddar...","og_url":"https:\/\/truusk.store\/sv\/produkt\/truusk-byra-med-8-tyglador-stalram-laddningsstation-rustikt-brunsvart\/","og_site_name":"TRUUSK - Hem, Tr\u00e4dg\u00e5rd &amp; Fritid","article_modified_time":"2026-03-12T07:52:22+00:00","og_image":[{"width":2000,"height":2000,"url":"https:\/\/i0.wp.com\/truusk.se\/wp-content\/uploads\/2026\/01\/byra-med-8-tyglador-stalram-laddningsstation-rustikt-brunsvart-1.webp?fit=2000%2C2000&ssl=1","type":"image\/webp"}],"twitter_card":"summary_large_image","twitter_misc":{"Ber\u00e4knad l\u00e4stid":"1 minut"},"schema":{"@context":"https:\/\/schema.org","@graph":[{"@type":"WebPage","@id":"https:\/\/truusk.store\/sv\/produkt\/truusk-byra-med-8-tyglador-stalram-laddningsstation-rustikt-brunsvart\/","url":"https:\/\/truusk.store\/sv\/produkt\/truusk-byra-med-8-tyglador-stalram-laddningsstation-rustikt-brunsvart\/","name":"TRUUSK Byr\u00e5 Med 8 Tygl\u00e5dor - St\u00e5lram - Laddningsstation - Rustikt Brun+svart - TRUUSK - Hem, Tr\u00e4dg\u00e5rd &amp; Fritid","isPartOf":{"@id":"https:\/\/truusk.store\/sv\/#website"},"primaryImageOfPage":{"@id":"https:\/\/truusk.store\/sv\/produkt\/truusk-byra-med-8-tyglador-stalram-laddningsstation-rustikt-brunsvart\/#primaryimage"},"image":{"@id":"https:\/\/truusk.store\/sv\/produkt\/truusk-byra-med-8-tyglador-stalram-laddningsstation-rustikt-brunsvart\/#primaryimage"},"thumbnailUrl":"https:\/\/i0.wp.com\/truusk.store\/wp-content\/uploads\/2026\/01\/byra-med-8-tyglador-stalram-laddningsstation-rustikt-brunsvart-1.webp?fit=2000%2C2000&ssl=1","datePublished":"2026-01-15T11:48:43+00:00","dateModified":"2026-03-12T07:52:22+00:00","breadcrumb":{"@id":"https:\/\/truusk.store\/sv\/produkt\/truusk-byra-med-8-tyglador-stalram-laddningsstation-rustikt-brunsvart\/#breadcrumb"},"inLanguage":"sv-SE","potentialAction":[{"@type":"ReadAction","target":["https:\/\/truusk.store\/sv\/produkt\/truusk-byra-med-8-tyglador-stalram-laddningsstation-rustikt-brunsvart\/"]}]},{"@type":"ImageObject","inLanguage":"sv-SE","@id":"https:\/\/truusk.store\/sv\/produkt\/truusk-byra-med-8-tyglador-stalram-laddningsstation-rustikt-brunsvart\/#primaryimage","url":"https:\/\/i0.wp.com\/truusk.store\/wp-content\/uploads\/2026\/01\/byra-med-8-tyglador-stalram-laddningsstation-rustikt-brunsvart-1.webp?fit=2000%2C2000&ssl=1","contentUrl":"https:\/\/i0.wp.com\/truusk.store\/wp-content\/uploads\/2026\/01\/byra-med-8-tyglador-stalram-laddningsstation-rustikt-brunsvart-1.webp?fit=2000%2C2000&ssl=1","width":2000,"height":2000},{"@type":"BreadcrumbList","@id":"https:\/\/truusk.store\/sv\/produkt\/truusk-byra-med-8-tyglador-stalram-laddningsstation-rustikt-brunsvart\/#breadcrumb","itemListElement":[{"@type":"ListItem","position":1,"name":"Home","item":"https:\/\/truusk.store\/sv\/"},{"@type":"ListItem","position":2,"name":"Shop","item":"https:\/\/truusk.store\/shop\/"},{"@type":"ListItem","position":3,"name":"TRUUSK Byr\u00e5 Med 8 Tygl\u00e5dor &#8211; St\u00e5lram &#8211; Laddningsstation &#8211; Rustikt Brun+svart"}]},{"@type":"WebSite","@id":"https:\/\/truusk.store\/sv\/#website","url":"https:\/\/truusk.store\/sv\/","name":"TRUUSK - Hem, Tr\u00e4dg\u00e5rd & Fritid","description":"","publisher":{"@id":"https:\/\/truusk.store\/sv\/#organization"},"potentialAction":[{"@type":"SearchAction","target":{"@type":"EntryPoint","urlTemplate":"https:\/\/truusk.store\/sv\/?s={search_term_string}"},"query-input":{"@type":"PropertyValueSpecification","valueRequired":true,"valueName":"search_term_string"}}],"inLanguage":"sv-SE"},{"@type":"Organization","@id":"https:\/\/truusk.store\/sv\/#organization","name":"TRUUSK - Hem, Tr\u00e4dg\u00e5rd & Fritid","url":"https:\/\/truusk.store\/sv\/","logo":{"@type":"ImageObject","inLanguage":"sv-SE","@id":"https:\/\/truusk.store\/sv\/#\/schema\/logo\/image\/","url":"https:\/\/i0.wp.com\/truusk.store\/wp-content\/uploads\/2026\/03\/cropped-TRUUSK.png?fit=2032%2C917&ssl=1","contentUrl":"https:\/\/i0.wp.com\/truusk.store\/wp-content\/uploads\/2026\/03\/cropped-TRUUSK.png?fit=2032%2C917&ssl=1","width":2032,"height":917,"caption":"TRUUSK - Hem, Tr\u00e4dg\u00e5rd & Fritid"},"image":{"@id":"https:\/\/truusk.store\/sv\/#\/schema\/logo\/image\/"}}]}},"jetpack_sharing_enabled":true,"_links":{"self":[{"href":"https:\/\/truusk.store\/sv\/wp-json\/wp\/v2\/product\/99983","targetHints":{"allow":["GET"]}}],"collection":[{"href":"https:\/\/truusk.store\/sv\/wp-json\/wp\/v2\/product"}],"about":[{"href":"https:\/\/truusk.store\/sv\/wp-json\/wp\/v2\/types\/product"}],"wp:featuredmedia":[{"embeddable":true,"href":"https:\/\/truusk.store\/sv\/wp-json\/wp\/v2\/media\/99974"}],"wp:attachment":[{"href":"https:\/\/truusk.store\/sv\/wp-json\/wp\/v2\/media?parent=99983"}],"wp:term":[{"taxonomy":"product_brand","embeddable":true,"href":"https:\/\/truusk.store\/sv\/wp-json\/wp\/v2\/product_brand?post=99983"},{"taxonomy":"product_cat","embeddable":true,"href":"https:\/\/truusk.store\/sv\/wp-json\/wp\/v2\/product_cat?post=99983"},{"taxonomy":"product_tag","embeddable":true,"href":"https:\/\/truusk.store\/sv\/wp-json\/wp\/v2\/product_tag?post=99983"}],"curies":[{"name":"wp","href":"https:\/\/api.w.org\/{rel}","templated":true}]}}